{"id":448,"date":"2009-10-28T22:22:27","date_gmt":"2009-10-28T20:22:27","guid":{"rendered":"http:\/\/www.nadruvis.com\/?page_id=448"},"modified":"2026-03-30T23:58:19","modified_gmt":"2026-03-30T21:58:19","slug":"draugai","status":"publish","type":"page","link":"https:\/\/www.nadruvis.com\/?page_id=448","title":{"rendered":"Kontaktai"},"content":{"rendered":"\n<p>D\u0117l var\u017eyb\u0173 ar kit\u0173 pasi\u016blym\u0173 ra\u0161ykite i mindaugas @ nadruvis.com.<\/p>\n\n\n\n<p><strong>V\u0160\u012e Nadruvis rekvizitai<\/strong>:<\/p>\n\n\n\n<p>\u012emon\u0117s kodas: 306048834<br>Adresas: Skrobl\u0173 g. 21, Akademija, Kauno rajonas.<br>Kontaktinis telefonas: +370 650 26770<\/p>\n\n\n\n<p>Taip atrode pirmasis logotipas 2009 metais:<\/p>\n\n\n\n<figure class=\"wp-block-image size-full is-resized\"><img decoding=\"async\" loading=\"lazy\" src=\"http:\/\/www.nadruvis.com\/wp-content\/uploads\/2009\/05\/fknadruvis-herbas.png\" alt=\"FK Nadruvis logo pirmasis\" class=\"wp-image-129\" width=\"338\" height=\"338\" srcset=\"https:\/\/www.nadruvis.com\/wp-content\/uploads\/2009\/05\/fknadruvis-herbas.png 595w, https:\/\/www.nadruvis.com\/wp-content\/uploads\/2009\/05\/fknadruvis-herbas-150x150.png 150w, https:\/\/www.nadruvis.com\/wp-content\/uploads\/2009\/05\/fknadruvis-herbas-300x300.png 300w\" sizes=\"(max-width: 338px) 100vw, 338px\" \/><\/figure>\n\n\n\n<p>Taip atrod\u0117 logotipas 2011-2012 metais:<\/p>\n\n\n\n<figure class=\"wp-block-image size-large\"><img decoding=\"async\" loading=\"lazy\" width=\"340\" height=\"340\" src=\"http:\/\/www.nadruvis.com\/wp-content\/uploads\/2009\/05\/FKNadruvis-herbas-kaunas-340x340.png\" alt=\"FK Nadruvis logo\" class=\"wp-image-2479\" srcset=\"https:\/\/www.nadruvis.com\/wp-content\/uploads\/2009\/05\/FKNadruvis-herbas-kaunas-340x340.png 340w, https:\/\/www.nadruvis.com\/wp-content\/uploads\/2009\/05\/FKNadruvis-herbas-kaunas-150x150.png 150w, https:\/\/www.nadruvis.com\/wp-content\/uploads\/2009\/05\/FKNadruvis-herbas-kaunas-300x300.png 300w, https:\/\/www.nadruvis.com\/wp-content\/uploads\/2009\/05\/FKNadruvis-herbas-kaunas.png 595w\" sizes=\"(max-width: 340px) 100vw, 340px\" \/><\/figure>\n\n\n\n<p>Taip atrod\u0117 logotipas 2021 metais (dabartinis):<\/p>\n\n\n\n<figure class=\"wp-block-image size-large\"><img decoding=\"async\" loading=\"lazy\" width=\"447\" height=\"340\" src=\"https:\/\/www.nadruvis.com\/wp-content\/uploads\/2026\/03\/fknlogo2021-2-447x340.png\" alt=\"FK Nadruvis 2021\" class=\"wp-image-3916\" srcset=\"https:\/\/www.nadruvis.com\/wp-content\/uploads\/2026\/03\/fknlogo2021-2-447x340.png 447w, https:\/\/www.nadruvis.com\/wp-content\/uploads\/2026\/03\/fknlogo2021-2-300x228.png 300w, https:\/\/www.nadruvis.com\/wp-content\/uploads\/2026\/03\/fknlogo2021-2.png 656w\" sizes=\"(max-width: 447px) 100vw, 447px\" \/><\/figure>\n","protected":false},"excerpt":{"rendered":"<p>D\u0117l var\u017eyb\u0173 ar kit\u0173 pasi\u016blym\u0173 ra\u0161ykite i mindaugas @ nadruvis.com. V\u0160\u012e Nadruvis rekvizitai: \u012emon\u0117s kodas: 306048834Adresas: Skrobl\u0173 g. 21, Akademija, Kauno rajonas.Kontaktinis telefonas: +370 650 26770 Taip atrode pirmasis logotipas 2009 metais: Taip atrod\u0117 logotipas 2011-2012 metais: Taip atrod\u0117 logotipas 2021 metais (dabartinis):<\/p>\n","protected":false},"author":1,"featured_media":0,"parent":0,"menu_order":18,"comment_status":"closed","ping_status":"closed","template":"","meta":[],"_links":{"self":[{"href":"https:\/\/www.nadruvis.com\/index.php?rest_route=\/wp\/v2\/pages\/448"}],"collection":[{"href":"https:\/\/www.nadruvis.com\/index.php?rest_route=\/wp\/v2\/pages"}],"about":[{"href":"https:\/\/www.nadruvis.com\/index.php?rest_route=\/wp\/v2\/types\/page"}],"author":[{"embeddable":true,"href":"https:\/\/www.nadruvis.com\/index.php?rest_route=\/wp\/v2\/users\/1"}],"replies":[{"embeddable":true,"href":"https:\/\/www.nadruvis.com\/index.php?rest_route=%2Fwp%2Fv2%2Fcomments&post=448"}],"version-history":[{"count":20,"href":"https:\/\/www.nadruvis.com\/index.php?rest_route=\/wp\/v2\/pages\/448\/revisions"}],"predecessor-version":[{"id":3917,"href":"https:\/\/www.nadruvis.com\/index.php?rest_route=\/wp\/v2\/pages\/448\/revisions\/3917"}],"wp:attachment":[{"href":"https:\/\/www.nadruvis.com\/index.php?rest_route=%2Fwp%2Fv2%2Fmedia&parent=448"}],"curies":[{"name":"wp","href":"https:\/\/api.w.org\/{rel}","templated":true}]}}