{"id":3713,"date":"2014-04-01T13:59:49","date_gmt":"2014-04-01T11:59:49","guid":{"rendered":"http:\/\/www.nadruvis.com\/?page_id=3713"},"modified":"2023-04-05T15:14:59","modified_gmt":"2023-04-05T13:14:59","slug":"2-2","status":"publish","type":"page","link":"https:\/\/www.nadruvis.com\/?page_id=3713","title":{"rendered":"1.2 %"},"content":{"rendered":"<p><strong>Skirkite 1.2% m\u016bs\u0173 komandai ir prisid\u0117kite prie futbolo populiarinimo<\/strong><\/p>\n<p>Nor\u0117dami skirti 1.2% V\u0160\u012e Nadruvis turite u\u017epildyti form\u0105&nbsp; EDS sistemoje (<span style=\"color: #ff0000;\"><a style=\"color: #ff0000;\" href=\"https:\/\/deklaravimas.vmi.lt\/PopupPages\/HelpPage.aspx?langext=2e485420-38da-4bf1-a91f-9dc99a4d6663&amp;wp=wp1918383975&amp;item=f4879fe7-0fca-4976-ac8e-0c0056f8d63f\">kaip padaryti &#8211; spausk cia<\/a><\/span>). Form\u0105 galima u\u017epildyti naudojantis internetine bankininkyste SEB, SWEDBANK ar kit\u0173 bank\u0173 sistemose. Prisijung\u0119 prie savo internetin\u0117s bankininkyst\u0117s turite susirasti VMI DEKLARAVIMAS nuorod\u0105 ir ten surasti nuorod\u0105 PARAMOS SKYRIMAS (ar pana\u0161iai).<\/p>\n<p>K\u0105 ra\u0161yti? Atlikite sekan\u010dius veiksmus \u2013 tai labai paprasta:<\/p>\n<p>&#8211; sunumeruotuose stulpeliuose reikia u\u017epildyti savo asmens kod\u0105, telefono numer\u012f, vard\u0105 ir pavard\u0119, adres\u0105, mokestin\u012f laikotarp\u012f &#8211; pra\u0117j\u0119 metai,<\/p>\n<p>-\u201dmokes\u010dio dal\u012f skiriu vienetams, turintiems teis\u0117 gauti param\u0105\u201d \u2013 pa\u017eymim X,<\/p>\n<p>-\u201datsisakau mokes\u010dio dal\u012f skirti politin\u0117ms partijoms\u201d \u2013 pa\u017eymim X,<\/p>\n<p>-pirmoje eilut\u0117je \u201cGav\u0117jo tipas\u201d ra\u0161ome skai\u010di\u0173 2,<\/p>\n<p>-gav\u0117jo identifikacinis numeris \u2013 306048834,<\/p>\n<p>&#8211; mokes\u010dio dalies dydis \u2013 1,2,<\/p>\n<p>&#8211; mokes\u010dio dal\u012f skiriu iki mokestinio laikotarpio \u2013 \u017eymim \u0161iuos metus kada pildome arba sekan\u010dius,<\/p>\n<p>&#8211; j\u016bs\u0173 para\u0161as ir vardas pavard\u0117.<\/p>\n","protected":false},"excerpt":{"rendered":"<p>Skirkite 1.2% m\u016bs\u0173 komandai ir prisid\u0117kite prie futbolo populiarinimo Nor\u0117dami skirti 1.2% V\u0160\u012e Nadruvis turite u\u017epildyti form\u0105&nbsp; EDS sistemoje (kaip padaryti &#8211; spausk cia). Form\u0105 galima u\u017epildyti naudojantis internetine bankininkyste SEB, SWEDBANK ar kit\u0173 bank\u0173 sistemose. Prisijung\u0119 prie savo internetin\u0117s bankininkyst\u0117s turite susirasti VMI DEKLARAVIMAS nuorod\u0105 ir ten surasti nuorod\u0105 PARAMOS SKYRIMAS (ar pana\u0161iai). K\u0105 [&hellip;]<\/p>\n","protected":false},"author":1,"featured_media":0,"parent":0,"menu_order":20,"comment_status":"closed","ping_status":"closed","template":"","meta":[],"_links":{"self":[{"href":"https:\/\/www.nadruvis.com\/index.php?rest_route=\/wp\/v2\/pages\/3713"}],"collection":[{"href":"https:\/\/www.nadruvis.com\/index.php?rest_route=\/wp\/v2\/pages"}],"about":[{"href":"https:\/\/www.nadruvis.com\/index.php?rest_route=\/wp\/v2\/types\/page"}],"author":[{"embeddable":true,"href":"https:\/\/www.nadruvis.com\/index.php?rest_route=\/wp\/v2\/users\/1"}],"replies":[{"embeddable":true,"href":"https:\/\/www.nadruvis.com\/index.php?rest_route=%2Fwp%2Fv2%2Fcomments&post=3713"}],"version-history":[{"count":11,"href":"https:\/\/www.nadruvis.com\/index.php?rest_route=\/wp\/v2\/pages\/3713\/revisions"}],"predecessor-version":[{"id":3891,"href":"https:\/\/www.nadruvis.com\/index.php?rest_route=\/wp\/v2\/pages\/3713\/revisions\/3891"}],"wp:attachment":[{"href":"https:\/\/www.nadruvis.com\/index.php?rest_route=%2Fwp%2Fv2%2Fmedia&parent=3713"}],"curies":[{"name":"wp","href":"https:\/\/api.w.org\/{rel}","templated":true}]}}