{"id":2,"date":"2009-05-19T10:51:51","date_gmt":"2009-05-19T08:51:51","guid":{"rendered":"http:\/\/www.nadruvis.com\/?page_id=2"},"modified":"2026-03-31T00:07:11","modified_gmt":"2026-03-30T22:07:11","slug":"about","status":"publish","type":"page","link":"https:\/\/www.nadruvis.com\/","title":{"rendered":"Pirmas"},"content":{"rendered":"<h1>Futbolo Klubas NADRUVIS<\/h1>\n<p>Futbolo klubas Nadruvis prad\u0117jo kurtis 2008 met\u0173 vasar\u0105. Nuo paprasto pasispardymo stadione kilo min\u010di\u0173 sukurti ka\u017ek\u0105 rimtesnio. Per \u017eiem\u0105 futbolo neu\u017emir\u0161ome, tod\u0117l pavasary 2009 metais nusprend\u0117me \u012fkurti komand\u0105 ir sudalyvauti \u0160aki\u0173 Sekmadienio lygoje. Nuo to viskas ir prasid\u0117jo. 2009-2010 m. sudalyvavome sal\u0117s futbolo turnyre. Rezultatu galutiniu pasid\u017eiaugti negalime, bet reik\u0117t\u0173 pa\u017eym\u0117ti, kad sal\u0117s futbol\u0105 paband\u0117me aplamai pirm\u0105 kart\u0105. Daug \u017eaid\u0117j\u0173 po 2009 m. vasaros pirmenybi\u0173 pasitrauk\u0117 i\u0161 komandos, ta\u010diau 2010 m. sezonui komanda buvo pasiruo\u0161usi kaip niekad stipriai, ta\u010diau viltys nepasiteisino, nes, kaip ir b\u016bdinga, m\u0117g\u0117ji\u0161koms komandoms, sunkiai vasar\u0105 rinkdavosi \u012f var\u017eybas. 2010-2011 m. komanda sudalyvavo Sportfan 7&#215;7 \u017eiemos turnyre ir u\u017e\u0117m\u0117 26 viet\u0105 i\u0161 48 komand\u0173. Na, vieta gal\u0117jo b\u016bti ir geresn\u0117, bet kaip visada paki\u0161o koj\u0105 gyvenimas. 2011 m vasar\u0105 komanda u\u017e\u0117m\u0117 \u0161e\u0161t\u0105 viet\u0105 KAFF 7&#215;7 tre\u010diajame pogrupyje. Pasiekti geresnius rezultatus sutrukd\u0117 per trumpas \u017eaid\u0117j\u0173 suolelis. 2011-2012 m. KAFF \u017eiemos pirmenybi\u0173 antroje grup\u0117je komanda u\u017e\u0117m\u0117 tre\u010di\u0105j\u0105 viet\u0105. Tais pa\u010diais 2011-2012 m. dalyvauta buvo ir sal\u0117s futbolo turnyre Let&#8217;s GO, kur paimta ketvirtoji vieta. Rezultatas, kuris kaip da\u017eniausiai ir b\u016bna gal\u0117jo b\u016bti ir geresnis.<\/p>\n<p>Taip ir sukosi m\u016bs\u0173 rutina &#8211; \u017eiem\u0105 futsal ir 7&#215;7 \u017eiemos pirmenyb\u0117s, vasar\u0105 &#8211; 7&#215;7 pirmenyb\u0117s ir visokiausi vienadieniai turnyrai. Daugiau istorijos galite rasti <a href=\"https:\/\/www.nadruvis.com\/?page_id=3899\">Naujienose<\/a>.<\/p>\n<p>2020 met\u0173 pabaigoje pribrendo mintis, kad j\u0117gas reikia i\u0161bandyti did\u017eiajame futbole. 2021 metais startuojame Kauno apskrities futbolo federacijos organizuojamoje III-ios lygos pirmenyb\u0117se. Nors prad\u0117jome visai neblogai, ir buvome po keletos pirm\u0173j\u0173 rat\u0173, trejetuke, bet, deja, d\u0117l profesionalumo tr\u016bkumo, u\u017ebaig\u0117me \u010dempionat\u0105 7-toje vietoje i\u0161 9-i\u0173.<\/p>\n<p><span style=\"line-height: 1.5em;\">\u00a0<\/span><\/p>\n","protected":false},"excerpt":{"rendered":"<p>Futbolo Klubas NADRUVIS Futbolo klubas Nadruvis prad\u0117jo kurtis 2008 met\u0173 vasar\u0105. Nuo paprasto pasispardymo stadione kilo min\u010di\u0173 sukurti ka\u017ek\u0105 rimtesnio. Per \u017eiem\u0105 futbolo neu\u017emir\u0161ome, tod\u0117l pavasary 2009 metais nusprend\u0117me \u012fkurti komand\u0105 ir sudalyvauti \u0160aki\u0173 Sekmadienio lygoje. Nuo to viskas ir prasid\u0117jo. 2009-2010 m. sudalyvavome sal\u0117s futbolo turnyre. Rezultatu galutiniu pasid\u017eiaugti negalime, bet reik\u0117t\u0173 pa\u017eym\u0117ti, kad [&hellip;]<\/p>\n","protected":false},"author":1,"featured_media":0,"parent":0,"menu_order":0,"comment_status":"open","ping_status":"open","template":"","meta":[],"_links":{"self":[{"href":"https:\/\/www.nadruvis.com\/index.php?rest_route=\/wp\/v2\/pages\/2"}],"collection":[{"href":"https:\/\/www.nadruvis.com\/index.php?rest_route=\/wp\/v2\/pages"}],"about":[{"href":"https:\/\/www.nadruvis.com\/index.php?rest_route=\/wp\/v2\/types\/page"}],"author":[{"embeddable":true,"href":"https:\/\/www.nadruvis.com\/index.php?rest_route=\/wp\/v2\/users\/1"}],"replies":[{"embeddable":true,"href":"https:\/\/www.nadruvis.com\/index.php?rest_route=%2Fwp%2Fv2%2Fcomments&post=2"}],"version-history":[{"count":68,"href":"https:\/\/www.nadruvis.com\/index.php?rest_route=\/wp\/v2\/pages\/2\/revisions"}],"predecessor-version":[{"id":3921,"href":"https:\/\/www.nadruvis.com\/index.php?rest_route=\/wp\/v2\/pages\/2\/revisions\/3921"}],"wp:attachment":[{"href":"https:\/\/www.nadruvis.com\/index.php?rest_route=%2Fwp%2Fv2%2Fmedia&parent=2"}],"curies":[{"name":"wp","href":"https:\/\/api.w.org\/{rel}","templated":true}]}}