{"id":1018,"date":"2010-05-05T12:36:27","date_gmt":"2010-05-05T10:36:27","guid":{"rendered":"http:\/\/www.nadruvis.com\/?page_id=1018"},"modified":"2014-04-01T14:15:50","modified_gmt":"2014-04-01T12:15:50","slug":"trofejai","status":"publish","type":"page","link":"https:\/\/www.nadruvis.com\/?page_id=1018","title":{"rendered":"Trof\u0117jai"},"content":{"rendered":"<p>Nadruvio komandos trof\u0117jai:<\/p>\n<div id=\"attachment_1019\" style=\"width: 600px\" class=\"wp-caption aligncenter\"><img aria-describedby=\"caption-attachment-1019\" decoding=\"async\" loading=\"lazy\" class=\"size-full wp-image-1019  \" title=\"Pad\u0117ka u\u017e dalyvavima \u0160aki\u0173 sal\u0117s futbolo pirmenyb\u0117se 2009\/2010\" alt=\"\" src=\"http:\/\/www.nadruvis.com\/wp-content\/uploads\/2010\/05\/padeka1.jpg\" width=\"590\" height=\"832\" \/><p id=\"caption-attachment-1019\" class=\"wp-caption-text\">\u0160aki\u0173 sal\u0117s futbolo pirmenyb\u0117s 2009-2010<\/p><\/div>\n","protected":false},"excerpt":{"rendered":"<p>Nadruvio komandos trof\u0117jai:<\/p>\n","protected":false},"author":1,"featured_media":0,"parent":0,"menu_order":16,"comment_status":"closed","ping_status":"closed","template":"","meta":[],"_links":{"self":[{"href":"https:\/\/www.nadruvis.com\/index.php?rest_route=\/wp\/v2\/pages\/1018"}],"collection":[{"href":"https:\/\/www.nadruvis.com\/index.php?rest_route=\/wp\/v2\/pages"}],"about":[{"href":"https:\/\/www.nadruvis.com\/index.php?rest_route=\/wp\/v2\/types\/page"}],"author":[{"embeddable":true,"href":"https:\/\/www.nadruvis.com\/index.php?rest_route=\/wp\/v2\/users\/1"}],"replies":[{"embeddable":true,"href":"https:\/\/www.nadruvis.com\/index.php?rest_route=%2Fwp%2Fv2%2Fcomments&post=1018"}],"version-history":[{"count":8,"href":"https:\/\/www.nadruvis.com\/index.php?rest_route=\/wp\/v2\/pages\/1018\/revisions"}],"predecessor-version":[{"id":3716,"href":"https:\/\/www.nadruvis.com\/index.php?rest_route=\/wp\/v2\/pages\/1018\/revisions\/3716"}],"wp:attachment":[{"href":"https:\/\/www.nadruvis.com\/index.php?rest_route=%2Fwp%2Fv2%2Fmedia&parent=1018"}],"curies":[{"name":"wp","href":"https:\/\/api.w.org\/{rel}","templated":true}]}}